{"id":476,"date":"2018-07-31T18:06:34","date_gmt":"2018-07-31T17:06:34","guid":{"rendered":"http:\/\/www.popradio.fr\/?page_id=476"},"modified":"2021-07-02T17:28:25","modified_gmt":"2021-07-02T16:28:25","slug":"charte-de-confidentialite","status":"publish","type":"page","link":"https:\/\/www.popradio.fr\/?page_id=476","title":{"rendered":"Charte de Confidentialit\u00e9"},"content":{"rendered":"<h1>Charte de confidentialit\u00e9 de POP RADIO<\/h1>\n<h3>I &#8211; MES INFORMATIONS PERSONNELLES<\/h3>\n<h3>Politique de protection des donn\u00e9es personnelles (applicable \u00e0 compter du 25 mai 2018)<\/h3>\n<p>Nous nous engageons \u00e0 prot\u00e9ger vos informations personnelles, \u00e0 \u00eatre transparent sur les donn\u00e9es que nous d\u00e9tenons et \u00e0 vous donner le contr\u00f4le sur la fa\u00e7on dont nous les utilisons. L\u2019objectif de notre politique de confidentialit\u00e9 est de :<br \/>\n\u2022 vous expliquer clairement et simplement comment nous utilisons les informations que nous collectons lorsque vous utilisez nos services ;<br \/>\n\u2022 vous d\u00e9tailler les options que nous vous proposons afin de contr\u00f4ler l\u2019usage de vos donn\u00e9es, les droits que vous d\u00e9tenez sur celles-ci et la fa\u00e7on de les exercer.<\/p>\n<h3>Qui est le responsable du traitement des donn\u00e9es me concernant ? Quels services sont concern\u00e9s ?<\/h3>\n<p>POP RADIO est le responsable du traitement de vos donn\u00e9es.<\/p>\n<p>La pr\u00e9sente politique de protection des donn\u00e9es personnelles s\u2019applique \u00e0 www.popradio.fr ainsi que ses d\u00e9clinaisons \u00e9ventuelles, sur diff\u00e9rents supports.<\/p>\n<h3>Quelles donn\u00e9es me concernant collectez-vous ? Par quels moyens ?<\/h3>\n<p><strong><u>Vous nous fournissez certaines informations personnelles vous concernant, par vous-m\u00eame<\/u><\/strong><\/p>\n<p>\u200b<strong>Par le biais de nos services<\/strong><br \/>\nLors de votre inscription \u00e0 certains de nos services (notamment dans le cadre de votre abonnement \u00e0 l\u2019une de nos newsletters ou de votre participation \u00e0 l\u2019un de nos jeux-concours) des informations vous concernant pourront vous \u00eatre demand\u00e9es \u00e0 condition qu&rsquo;elles soient n\u00e9cessaires, ad\u00e9quates, proportionn\u00e9es et l\u00e9gitimes au regard de l\u2019objectif poursuivi. <em>Vous serez syst\u00e9matiquement inform\u00e9s de cet objectif, de la fa\u00e7on dont nous utiliserons vos informations, du caract\u00e8re obligatoire ou facultatif de notre demande et des \u00e9ventuelles cons\u00e9quences d\u2019un d\u00e9faut de r\u00e9ponse.<\/em><\/p>\n<p><strong>Par le biais des r\u00e9seaux sociaux<\/strong><br \/>\nIl est possible de vous inscrire \u00e0 certains de nos services par le biais de r\u00e9seaux sociaux. A cette occasion, vous serez syst\u00e9matiquement avertis des informations vous concernant qui pourront \u00eatre partag\u00e9es avec nous. Vous conservez la libert\u00e9 de modifier et de limiter les informations que vous souhaitez partager avec nous lors de votre inscription \u00e0 l\u2019un de nos services via votre compte sur les r\u00e9seaux sociaux. Une fois inscrit et en vous rendant dans les param\u00e8tres de confidentialit\u00e9 de votre r\u00e9seau social, vous pourrez toujours revenir sur votre choix initial afin de limiter ou de supprimer le partage de vos informations personnelles.<\/p>\n<p><strong>Nous collectons certaines donn\u00e9es lors de vos interactions avec nos services, automatiquement<\/strong><br \/>\n\u2022 Des donn\u00e9es collect\u00e9es sans utilisation de cookies ou d\u2019autres technologies similaires (navigateur et appareil utilis\u00e9, URL de redirection sur l\u2019un de nos services, traces informatiques non nominatives appel\u00e9es \u00ab\u00a0fichiers logs\u00a0\u00bb, adresse IP) ;<br \/>\n\u2022 Des donn\u00e9es issues de l&rsquo;utilisation de cookies et d&rsquo;autres technologies similaires qui peuvent dans certains cas \u00eatre associ\u00e9es \u00e0 des informations personnelles renseign\u00e9es lors de votre inscription \u00e0 l\u2019un de nos services (en savoir plus via la section \u00ab\u00a0cookies\u00a0\u00bb).<\/p>\n<h3>Pour quelles raisons traitez-vous mes donn\u00e9es ? Sur quels fondements ? Pendant combien de temps ?<\/h3>\n<p><strong><u>Traitements op\u00e9r\u00e9s sur le fondement l\u00e9gal de votre consentement<\/u><\/strong><\/p>\n<p><strong>Utilisation de cookies et d\u2019autres technologies similaires<\/strong><br \/>\n(13 mois maximum)<\/p>\n<p>Pour r\u00e9aliser des mesures d\u2019audience, pour vous proposer des services et des publicit\u00e9s adapt\u00e9s \u00e0 vos centres d\u2019int\u00e9r\u00eats et pour vous proposer des boutons de partage et de remont\u00e9es de contenus sur les r\u00e9seaux sociaux (voir la section \u00ab cookies \u00bb pour plus d\u2019informations).<\/p>\n<p><strong>Nos prospections commerciales<\/strong><br \/>\n(3 ans maximum \u00e0 compter de la collecte ou de votre dernier contact)<\/p>\n<p>Pour vous adresser par communication directe (email, notifications push sur votre application mobile) des messages assurant la promotion de nos produits \/ services ainsi que ceux de nos partenaires. <em>En aucun cas vos donn\u00e9es personnelles ne seront transf\u00e9r\u00e9es \u00e0 ces partenaires.<\/em><\/p>\n<p><strong>Les prospections commerciales de nos partenaires<\/strong><br \/>\n(3 ans maximum \u00e0 compter de la collecte ou de votre dernier contact)<\/p>\n<p>Pour que nos partenaires puissent vous adresser par communication directe (email, notifications push sur votre application mobile) des messages assurant la promotion de leurs produits ou services. <em>Les donn\u00e9es personnelles que vous renseignez dans ce cadre seront transf\u00e9r\u00e9es \u00e0 ces partenaires, uniquement pour les fins vis\u00e9es ci-dessus. L\u2019identit\u00e9 de ces partenaires appara\u00eetra syst\u00e9matiquement dans le formulaire de collecte de vos informations personnelles<\/em>, vous conservez \u00e0 tout moment le contr\u00f4le du transfert de vos donn\u00e9es.<\/p>\n<p><strong><u>Traitements op\u00e9r\u00e9s sur le fondement l\u00e9gal de notre int\u00e9r\u00eat l\u00e9gitime<\/u><\/strong><\/p>\n<p><strong>Analyses statistiques<\/strong><br \/>\n(Pendant la dur\u00e9e de conservation de vos informations personnelles)<\/p>\n<p>Pour rendre nos services plus attractifs pour vous mais \u00e9galement pour l&rsquo;ensemble de nos utilisateurs. Pour cela, nous r\u00e9alisons des <em>statistiques d&rsquo;audience globales et agr\u00e9g\u00e9es<\/em> \u00e0 partir des informations personnelles fournies \u00e0 l&rsquo;occasion de votre inscription \u00e0 l\u2019un de nos services et des informations collect\u00e9es lors de votre utilisation de nos services. <em>Dans ce cadre, nous ne r\u00e9alisons aucune \u00e9valuation, aucune pr\u00e9diction et ne tirons aucune conclusion concernant un individu en particulier, notamment concernant ses centres d\u2019int\u00e9r\u00eats.<\/em><\/p>\n<p><strong>Autres traitements r\u00e9alis\u00e9s sur la base de notre int\u00e9r\u00eat l\u00e9gitime<\/strong><br \/>\n(Pendant la stricte dur\u00e9e n\u00e9cessaire \u00e0 la finalit\u00e9 poursuivie \/ 3 ans pour g\u00e9rer l\u2019exercice de votre droit d\u2019opposition \/ 1 an pour g\u00e9rer l\u2019exercice de votre droit d\u2019acc\u00e8s et de rectification)<\/p>\n<p>Pour pr\u00e9venir et lutter contre la fraude, pour r\u00e9aliser des enqu\u00eates de satisfaction facultatives, pour vous permettre de nous contacter et de r\u00e9pondre \u00e0 vos demandes, pour g\u00e9rer l\u2019exercice de votre droit d\u2019opposition \u00e0 recevoir de la publicit\u00e9.<\/p>\n<p><strong><u>Traitements op\u00e9r\u00e9s sur le fondement l\u00e9gal du contrat<\/u><\/strong><\/p>\n<p><strong>Participation \u00e0 un jeu-concours<\/strong><br \/>\n(Pendant la dur\u00e9e n\u00e9cessaire pour valider, enregistrer, traiter votre participation et assurer la gestion de l\u2019attribution des gains)<\/p>\n<h3>Etes-vous amen\u00e9 \u00e0 transf\u00e9rer des donn\u00e9es me concernant ? Pour quelles raisons ?<\/h3>\n<p>Dans le cadre de nos activit\u00e9s, nous avons recours aux prestations fournies par plusieurs soci\u00e9t\u00e9s sp\u00e9cialis\u00e9es, sous-traitants ou co-responsables du traitement de vos donn\u00e9es (services de mailing, de notifications push, de gestion de la relation clients, de gestion des acc\u00e8s et des identit\u00e9s clients, d\u2019analyse d\u2019audience, de paiement) dont la liste peut \u00eatre communiqu\u00e9e aux personnes concern\u00e9es sur demande adress\u00e9e \u00e0 contact@popradio.fr<\/p>\n<p>Dans ce cadre, nous nous assurons contractuellement de la conformit\u00e9 de l&rsquo;utilisation de vos informations personnelles et des normes de s\u00e9curit\u00e9 utilis\u00e9es par ces soci\u00e9t\u00e9s. Si elles utilisent des serveurs en dehors de l\u2019Union Europ\u00e9enne, nous avons conclu avec elles des contrats sp\u00e9cifiques et des clauses contractuelles types \u00e9tablies par la Commission Europ\u00e9enne pour encadrer et s\u00e9curiser le transfert de vos donn\u00e9es \u00e0 ces prestataires.<\/p>\n<p>Nous ne transf\u00e8rerons en aucun cas vos informations personnelles \u00e0 des acteurs commerciaux ou publicitaires sans votre consentement pr\u00e9alable.<\/p>\n<h3>Quelles sont les mesures de s\u00e9curit\u00e9 mises \u0153uvre afin de prot\u00e9ger mes donn\u00e9es ?<\/h3>\n<p>Nous mettons en \u0153uvre toutes les mesures techniques et organisationnelles afin d\u2019assurer la s\u00e9curit\u00e9 des traitements des informations personnelles vous concernant ainsi que leur confidentialit\u00e9.<\/p>\n<p>A ce titre, nous prenons toutes les pr\u00e9cautions utiles, au regard de la nature de vos donn\u00e9es et des risques pr\u00e9sent\u00e9s par le traitement, afin de pr\u00e9server la s\u00e9curit\u00e9 de vos donn\u00e9es et, notamment, d\u2019emp\u00eacher qu\u2019elles soient d\u00e9form\u00e9es, endommag\u00e9es, ou que des tiers non autoris\u00e9s y aient acc\u00e8s (protection physique des locaux, proc\u00e9d\u00e9s d\u2019authentification avec acc\u00e8s personnel et s\u00e9curis\u00e9 via des identifiants et mots de passe confidentiels, journalisation des connexions, chiffrement ou pseudonymisation de certaines donn\u00e9es\u2026).<\/p>\n<h3>Puis-je avoir des informations compl\u00e9mentaires ? Obtenir de l\u2019aide ?<\/h3>\n<p>Vous pouvez contacter le responsable de la protection des donn\u00e9es de POP RADIO en toute confidentialit\u00e9 via cette adresse email : contact@popradio.fr Vous disposez du droit de d\u00e9poser une r\u00e9clamation \u00e0 la Commission Nationale Informatique et Libert\u00e9s dans les conditions indiqu\u00e9es sur son site internet : <a href=\"https:\/\/www.cnil.fr\/fr\/agir\">www.cnil.fr\/fr\/agir<\/a><\/p>\n<h3>II &#8211; LES COOKIES<\/h3>\n<h3>Qu\u2019entend-on par cookies ?<\/h3>\n<p>Le terme \u00ab cookies \u00bb est \u00e0 prendre au sens large et recouvre diff\u00e9rentes technologies de collecte d&rsquo;informations relatives \u00e0 votre navigation et \u00e0 vos interactions sur nos services, sous r\u00e9serve des choix que vous avez exprim\u00e9s. Nous utilisons ces technologies pour diff\u00e9rentes finalit\u00e9s, notamment pour faciliter votre navigation, pour r\u00e9aliser des mesures d&rsquo;audience, pour vous proposer des contenus et publicit\u00e9s susceptibles de vous int\u00e9resser et pour vous proposer des boutons de partage et de remont\u00e9es de contenus sur les r\u00e9seaux sociaux.<\/p>\n<p>Ces cookies peuvent \u00eatre exploit\u00e9s par nous-m\u00eame ou par nos partenaires, soci\u00e9t\u00e9s tierces, afin d&rsquo;identifier vos centres d&rsquo;int\u00e9r\u00eat et de personnaliser l&rsquo;offre publicitaire qui vous est adress\u00e9e sur notre site ou en dehors de nos sites.<\/p>\n<h3>Mes applications mobiles sont-elles concern\u00e9es ?<\/h3>\n<p>Nos applications mobiles peuvent utiliser des technologies similaires, notamment afin de vous proposer des contenus et des publicit\u00e9s susceptibles de vous int\u00e9resser. Lorsque vous installez l&rsquo;application, nous collectons des informations sur votre utilisation de l&rsquo;application ou sur le syst\u00e8me d&rsquo;exploitation de votre t\u00e9l\u00e9phone.<\/p>\n<h3>Quels sont mes choix concernant les cookies ?<\/h3>\n<p><strong>Sur vos sites internet<\/strong><br \/>\nNous vous offrons d\u00e9sormais la possibilit\u00e9 de modifier le param\u00e9trage de vos cookies directement sur nos services. Cette nouvelle fonctionnalit\u00e9 est en cours de d\u00e9ploiement sur notre service POP RADIO. Il est donc possible qu\u2019elle ne soit pas encore accessible, sur ce service pr\u00e9cis\u00e9ment, \u00e0 l\u2019occasion de votre visite.<\/p>\n<p>Vous conservez toujours la possibilit\u00e9 de param\u00e9trer les cookies sur vos diff\u00e9rents navigateurs comme expliqu\u00e9 ci-apr\u00e8s : <a href=\"https:\/\/www.cnil.fr\/fr\/cookies-les-outils-pour-les-maitriser\">www.cnil.fr\/fr\/cookies-les-outils-pour-les-maitriser<\/a>.<\/p>\n<p>De m\u00eame, vous conservez la possibilit\u00e9 de refuser les cookies de publicit\u00e9 cibl\u00e9e de nos partenaires en visitant les plateformes interprofessionnelles suivantes : <a href=\"http:\/\/www.networkadvertising.org\/choices\/\">www.networkadvertising.org\/choices\/<\/a> <a href=\"http:\/\/www.youronlinechoices.com\/fr\/controler-ses-cookies\/\">www.youronlinechoices.com\/fr\/controler-ses-cookies\/<\/a><\/p>\n<p><strong>Sur vos applications mobiles<\/strong><br \/>\nVous pouvez d\u00e9sactiver les technologies similaires aux cookies en vous rendant dans les param\u00e8tres de votre t\u00e9l\u00e9phone qui permettent de g\u00e9rer les applications. Dans tous les cas, si vous d\u00e9sinstallez l&rsquo;application, ces informations dispara\u00eetront.<\/p>\n<h3>Les cookies essentiels<\/h3>\n<p>Ces cookies nous permettent de suivre les performances de nos services et de d\u00e9tecter des probl\u00e8mes de navigation ou de s\u00e9curit\u00e9 afin de r\u00e9duire autant que possible la g\u00eane occasionn\u00e9e pour nos utilisateurs. Ils sont \u00e9galement utilis\u00e9s pour vous fournir un service que vous avez express\u00e9ment demand\u00e9 comme configurer vos pr\u00e9f\u00e9rences en mati\u00e8re de vie priv\u00e9e. Ces cookies ne contiennent et ne sont associ\u00e9es \u00e0 aucune information nominative.<\/p>\n<h3>Les cookies analytiques<\/h3>\n<p>Ces cookies nous permettent de produire des statistiques agr\u00e9g\u00e9e et anonymes relatives \u00e0 la fr\u00e9quentation de nos services (ex : nombre de visites, pages consult\u00e9es, temps pass\u00e9 sur le service, r\u00e9gion de connexion, type d\u2019appareil utilis\u00e9&#8230;). Ces cookies permettent d\u2019am\u00e9liorer les performances, les fonctionnalit\u00e9s et les services qui vous sont propos\u00e9s. Ces donn\u00e9es ne contiennent et ne sont associ\u00e9es \u00e0 aucune information nominative.<\/p>\n<h3>Les cookies de personnalisation<\/h3>\n<p>Ces cookies nous permettent de suivre et piloter votre exposition et vos interactions avec les contenus ou les publicit\u00e9s pr\u00e9sents sur nos services. Ils nous aident \u00e0 identifier quelles informations pourraient vous int\u00e9resser le plus afin de vous proposer une exp\u00e9rience \u00e9ditoriale adapt\u00e9e et personnalis\u00e9e en fonction de vos centres d&rsquo;int\u00e9r\u00eats, notamment dans le cadre des newsletters que nous vous adressons.<\/p>\n<p><em>Ces donn\u00e9es peuvent \u00eatre associ\u00e9es \u00e0 des informations que vous avez renseign\u00e9es \u00e0 l&rsquo;occasion de votre inscription \u00e0 l\u2019un de nos services afin de parfaire la personnalisation de vos contenus, de vos services et de vos newsletters.<\/em><\/p>\n<h3>Les cookies de publicit\u00e9 cibl\u00e9e<\/h3>\n<p><strong>Les cookies exploit\u00e9s par nous-m\u00eames et par nos sous-traitants<\/strong><br \/>\nDe la m\u00eame mani\u00e8re que les cookies de personnalisation, ces cookies nous permettent de suivre et piloter votre exposition et vos interactions avec les contenus ou les publicit\u00e9s pr\u00e9sents sur nos services. Ils nous aident \u00e0 identifier quelles informations pourraient vous int\u00e9resser le plus afin de vous proposer une exp\u00e9rience publicitaire adapt\u00e9e et personnalis\u00e9e en fonction de vos centres d&rsquo;int\u00e9r\u00eat.<br \/>\n<em>Ces donn\u00e9es peuvent \u00eatre associ\u00e9es \u00e0 des informations que vous avez renseign\u00e9es \u00e0 l&rsquo;occasion de votre inscription \u00e0 l\u2019un de nos services afin de parfaire la personnalisation de vos annonces et de vos messages de prospection.<\/em><\/p>\n<p><strong>Les cookies exploit\u00e9s par nos partenaires<\/strong><br \/>\nCes cookies sont d\u00e9pos\u00e9s sur nos services par nos partenaires et peuvent \u00eatre utilis\u00e9s par ces soci\u00e9t\u00e9s pour vous pr\u00e9senter des publicit\u00e9s adapt\u00e9es \u00e0 vos centres d&rsquo;int\u00e9r\u00eats sur nos services mais \u00e9galement sur d&rsquo;autres services sur lesquels ils d\u00e9posent des cookies. <em>Certains de nos partenaires sont susceptibles de combiner les donn\u00e9es collect\u00e9es via les cookies qu&rsquo;ils exploitent sur nos services avec d&rsquo;autres informations que vous leur avez fournies ou qu&rsquo;ils ont collect\u00e9es lors de votre utilisation de leurs propres services.<\/em><\/p>\n<p>Ces cookies sont \u00e9galement utilis\u00e9s pour limiter le nombre de fois o\u00f9 vous voyez une publicit\u00e9 ainsi que pour mesurer l&rsquo;efficacit\u00e9 des campagnes publicitaires.<\/p>\n<h3>Les cookies de r\u00e9seaux sociaux<\/h3>\n<p>Ces cookies peuvent \u00eatre d\u00e9pos\u00e9s sur nos services par les r\u00e9seaux sociaux du fait de l\u2019int\u00e9gration de leurs applications \u00e0 nos services. Ces fonctionnalit\u00e9s permettent le partage de contenus par nos utilisateurs, tels que les boutons \u00ab Partager \u00bb ou \u00ab J&rsquo;aime \u00bb de Facebook, ou les boutons \u00ab Twitter \u00bb, \u00ab Google+ \u00bb, etc. Le r\u00e9seau social fournissant une de ces applications est susceptible de vous identifier gr\u00e2ce \u00e0 ses boutons et \u00e0 ses propres cookies, m\u00eame si vous ne les avez pas utilis\u00e9s lors de votre consultation de nos services.<\/p>\n<h3>III &#8211; EXERCER MES DROITS<\/h3>\n<h3>Quels sont mes droits vis-\u00e0-vis de mes donn\u00e9es ?<\/h3>\n<p><em>En mati\u00e8re de prospection commerciale<\/em>, vous b\u00e9n\u00e9ficiez du droit de retirer votre consentement \u00e0 tout moment ou de vous opposer au traitement de vos donn\u00e9es \u00e0 cette fin, sans avoir \u00e0 justifier de motif l\u00e9gitime.<\/p>\n<p>De mani\u00e8re g\u00e9n\u00e9rale, vous disposez d\u2019un droit d\u2019acc\u00e8s, de rectification, d\u2019opposition pour motif l\u00e9gitime, de suppression et de portabilit\u00e9 de vos donn\u00e9es. Vous b\u00e9n\u00e9ficiez \u00e9galement d\u2019un droit de limitation du traitement r\u00e9alis\u00e9 sur vos donn\u00e9es.<\/p>\n<p>Enfin, vous disposez du droit de d\u00e9finir des directives relatives au sort de vos donn\u00e9es \u00e0 caract\u00e8re personnel apr\u00e8s votre d\u00e9c\u00e8s.<\/p>\n<h3>Comment exercer mes droits sur mes donn\u00e9es ?<\/h3>\n<p><strong><u>Je ne veux plus recevoir de messages de prospection :<\/u><\/strong><\/p>\n<p><strong>Pour les prospections commerciales par email<\/strong><br \/>\nEn bas de chaque email publicitaire envoy\u00e9, nous faisons appara\u00eetre une mention r\u00e9capitulant vos droits et la possibilit\u00e9 de vous d\u00e9sabonner au travers d&rsquo;un lien mis \u00e0 votre disposition.<\/p>\n<p><strong>Pour les notifications push<\/strong><br \/>\nVous pouvez choisir de ne pas recevoir de notifications, en les refusant lors du t\u00e9l\u00e9chargement de votre application mobile, lors de sa premi\u00e8re utilisation ou vous pouvez, \u00e0 tout moment, d\u00e9sactiver les notifications dans les param\u00e9trages de votre appareil.<\/p>\n<p><em>Une pi\u00e8ce d&rsquo;identit\u00e9 n&rsquo;est pas requise pour l&rsquo;usage de votre de droit d&rsquo;opposition \u00e0 recevoir des offres commerciales ou de la publicit\u00e9.<\/em><\/p>\n<p><strong><u>Je veux exercer mes autres droits sur mes donn\u00e9es :<\/u><\/strong><\/p>\n<p>L\u2019exercice de vos autres droits sur vos donn\u00e9es n\u00e9cessite la pr\u00e9sentation d&rsquo;une pi\u00e8ce d&rsquo;identit\u00e9 par envoi d\u2019un courrier \u00e9lectronique. Sans cette pi\u00e8ce, pour la protection de vos informations personnelles, il nous est impossible de vous les divulguer, de les modifier ou de les supprimer.<\/p>\n<p>Vous pouvez exercer vos droits par email, en indiquant votre demande d\u2019exercice de droit ainsi que le droit que vous souhaitez pr\u00e9cis\u00e9ment exercer dans l\u2019objet de votre email : contact@popradio.fr Une r\u00e9ponse vous sera alors adress\u00e9e dans un d\u00e9lai de 1 mois suivant la r\u00e9ception de votre demande.<\/p>\n<h3>IV &#8211; LES COOKIES EXPLOITES PAR NOS PARTENAIRES<\/h3>\n<h3>Les cookies publicitaires<\/h3>\n<p>Ces cookies permettent d\u2019afficher des contenus et publicit\u00e9s adapt\u00e9s \u00e0 vos centres d\u2019int\u00e9r\u00eat et pour limiter le nombre de fois o\u00f9 vous voyez une m\u00eame publicit\u00e9.<\/p>\n<ul>\n<li><a href=\"https:\/\/www.appnexus.com\/en\/company\/platform-privacy-policy\">AppNexus<\/a><\/li>\n<li><a href=\"http:\/\/www.oracle.com\/legal\/privacy\/marketing-cloud-data-cloud-privacy-policy.html\">Datalogix<\/a><\/li>\n<li><a href=\"https:\/\/support.google.com\/dfp_premium\/answer\/2839090?hl=en\">DoubleClick<\/a><\/li>\n<li><a href=\"http:\/\/exelate.com\/privacy\/opt-in-opt-out\/\">eXelate<\/a><\/li>\n<li><a href=\"https:\/\/policies.google.com\/privacy\">Google Ads Measurement<\/a><\/li>\n<li><a href=\"https:\/\/policies.google.com\/privacy\">Google Adsense<\/a><\/li>\n<li><a href=\"https:\/\/policies.google.com\/privacy\">Google Publisher Tags<\/a><\/li>\n<li><a href=\"https:\/\/policies.google.com\/privacy\">Google Safeframe<\/a><\/li>\n<li><a href=\"https:\/\/policies.google.com\/privacy\">Google Tag Manager<\/a><\/li>\n<li><a href=\"https:\/\/integralads.com\/fr\/politique-confidentialite\/\">Integral Ad Science<\/a><\/li>\n<li><a href=\"http:\/\/www.salesforce.com\/products\/marketing-cloud\/sfmc\/salesforce-dmp-consumer-choice\/?mc=DMP\">Krux Digital<\/a><\/li>\n<li><a href=\"https:\/\/www.ligatus.com\/fr\/privacy-policy\">Ligatus<\/a><\/li>\n<li><a href=\"https:\/\/liveramp.com\/opt_out\/\">LiveRamp<\/a><\/li>\n<li><a href=\"https:\/\/www.nugg.ad\/en\/privacy\/general-information.html\">Nugg.Ad<\/a><\/li>\n<li><a href=\"https:\/\/www.outbrain.com\/legal\/\">Outbrain Amplify<\/a><\/li>\n<li><a href=\"http:\/\/rubiconproject.com\/privacy\/consumer-online-profile-and-opt-out\/\">Rubicon<\/a><\/li>\n<li><a href=\"https:\/\/smartadserver.com\/company\/privacy-policy\/\">SMART AdServer<\/a><\/li>\n<li><a href=\"http:\/\/www.theadex.com\/opt-out\">The ADEX<\/a><\/li>\n<\/ul>\n<h3>Les cookies de mesure d\u2019audience<\/h3>\n<p>Les Cookies de mesure d\u2019audience servent \u00e0 \u00e9tablir des statistiques sur la fr\u00e9quentation l\u2019utilisation du service POP RADIO. Des statistiques de fr\u00e9quentation, d\u2019affichage de publicit\u00e9s sur nos espaces publicitaires et d\u2019interaction des utilisateurs avec ces espaces pourront ainsi \u00eatre r\u00e9alis\u00e9es.<\/p>\n<ul>\n<li><a href=\"https:\/\/chartbeat.com\/privacy\/\">Chartbeat<\/a><\/li>\n<li><a href=\"http:\/\/www.mediametrie.fr\/pages\/cookies.php?page=194\">eStat<\/a><\/li>\n<li><a href=\"https:\/\/www.cedexis.com\/privacy-policy\/\">Cedexis Radar<\/a><\/li>\n<li><a href=\"https:\/\/www.google.com\/analytics\/learn\/privacy.html\">Google Analytics<\/a><\/li>\n<\/ul>\n","protected":false},"excerpt":{"rendered":"<p>Charte de confidentialit\u00e9 de POP RADIO I &#8211; MES INFORMATIONS PERSONNELLES Politique de protection des donn\u00e9es personnelles (applicable \u00e0 compter du 25 mai 2018) Nous nous engageons \u00e0 prot\u00e9ger vos informations personnelles, \u00e0 \u00eatre transparent sur les donn\u00e9es que nous d\u00e9tenons et \u00e0 vous donner le contr\u00f4le sur la fa\u00e7on dont nous les utilisons. L\u2019objectif [&hellip;]<\/p>\n","protected":false},"author":1,"featured_media":0,"parent":0,"menu_order":0,"comment_status":"closed","ping_status":"closed","template":"","meta":{"footnotes":""},"class_list":["post-476","page","type-page","status-publish","hentry"],"_links":{"self":[{"href":"https:\/\/www.popradio.fr\/index.php?rest_route=\/wp\/v2\/pages\/476","targetHints":{"allow":["GET"]}}],"collection":[{"href":"https:\/\/www.popradio.fr\/index.php?rest_route=\/wp\/v2\/pages"}],"about":[{"href":"https:\/\/www.popradio.fr\/index.php?rest_route=\/wp\/v2\/types\/page"}],"author":[{"embeddable":true,"href":"https:\/\/www.popradio.fr\/index.php?rest_route=\/wp\/v2\/users\/1"}],"replies":[{"embeddable":true,"href":"https:\/\/www.popradio.fr\/index.php?rest_route=%2Fwp%2Fv2%2Fcomments&post=476"}],"version-history":[{"count":2,"href":"https:\/\/www.popradio.fr\/index.php?rest_route=\/wp\/v2\/pages\/476\/revisions"}],"predecessor-version":[{"id":692,"href":"https:\/\/www.popradio.fr\/index.php?rest_route=\/wp\/v2\/pages\/476\/revisions\/692"}],"wp:attachment":[{"href":"https:\/\/www.popradio.fr\/index.php?rest_route=%2Fwp%2Fv2%2Fmedia&parent=476"}],"curies":[{"name":"wp","href":"https:\/\/api.w.org\/{rel}","templated":true}]}}