{"id":20,"date":"2016-06-04T17:50:10","date_gmt":"2016-06-04T16:50:10","guid":{"rendered":"http:\/\/www.popradio.fr\/?page_id=20"},"modified":"2022-10-30T10:10:20","modified_gmt":"2022-10-30T09:10:20","slug":"mentions-legales","status":"publish","type":"page","link":"https:\/\/www.popradio.fr\/?page_id=20","title":{"rendered":"Mentions L\u00e9gales"},"content":{"rendered":"<p id=\"SITE_FOOTERscreenWidthBackground\" class=\"s2screenWidthBackground\" style=\"text-align: justify;\" data-reactid=\".0.$SITE_ROOT.$desktop_siteRoot.$SITE_FOOTER.0\"><strong><span class=\"color_25\">Information :<\/span><\/strong><\/p>\n<p class=\"s2screenWidthBackground\" style=\"text-align: justify;\" data-reactid=\".0.$SITE_ROOT.$desktop_siteRoot.$SITE_FOOTER.0\"><span class=\"color_25\">POP RADIO est une marque d\u00e9pos\u00e9e \u00e0 l&rsquo;INPI sous le n\u00b0164249089. L&rsquo;utilisation de la marque (nom et logo) est strictement interdite sans notre autorisation \u00e9crite.<\/span><\/p>\n<div id=\"SITE_FOOTERcenteredContent\" class=\"s2centeredContent\" data-reactid=\".0.$SITE_ROOT.$desktop_siteRoot.$SITE_FOOTER.1\">\n<div id=\"SITE_FOOTERinlineContent\" class=\"s2inlineContent\" data-reactid=\".0.$SITE_ROOT.$desktop_siteRoot.$SITE_FOOTER.1.1\">\n<div id=\"comp-inys9cxp\" class=\"s4\" data-reactid=\".0.$SITE_ROOT.$desktop_siteRoot.$SITE_FOOTER.1.1.$comp-inys9cxp\">\n<p class=\"font_2\" style=\"text-align: justify;\"><strong>Responsabilit\u00e9 sur le contenu :<\/strong><\/p>\n<p class=\"font_2\" style=\"text-align: justify;\"><span class=\"color_25\">POP RADIO diffuse des contenus autoproduits (hormis la musique) appartenant int\u00e9gralement et uniquement \u00e0 POP RADIO. Toute exploitation, d&rsquo;images, sonores ou divers \u00e9l\u00e9ments du site internet sont strictement interdits.<\/span><\/p>\n<p class=\"font_2\" style=\"text-align: justify;\"><span class=\"color_25\">Les liens hypertextes mis en \u0153uvre en direction d&rsquo;autres sites ne sauraient engager la responsabilit\u00e9 de POP RADIO, celle ci n&rsquo;exer\u00e7ant aucun contr\u00f4le sur le contenu de ces sites. POP RADIO met tout en \u0153uvre pour offrir aux internautes des outils disponibles et des informations fiables. Toutefois, POP RADIO ne saurait garantir aux internautes l&rsquo;exactitude, la compl\u00e9tude et l&rsquo;actualit\u00e9 des informations fournies ainsi que la disponibilit\u00e9 de ces outils. En cons\u00e9quence, la responsabilit\u00e9 de POP RADIO ne pourra \u00eatre engag\u00e9e du fait de l&rsquo;utilisation des informations fournies et\/ou des outils mise \u00e0 dispositions sur ce site.<\/span><\/p>\n<p class=\"font_2\" style=\"text-align: justify;\"><span class=\"color_25\">Les marques cit\u00e9es restent la propri\u00e9t\u00e9 de leurs auteurs respectifs. Si vous \u00eates le propri\u00e9taire d&rsquo;une marque cit\u00e9e sur notre site, et que vous vous y opposez n&rsquo;h\u00e9sitez pas \u00e0 nous contacter <span style=\"color: #333333;\">(<\/span><\/span><span style=\"color: #333333;\"><a style=\"color: #333333;\" href=\"mailto:contact@popradio.fr\"><span class=\"color_25\"><u>contact@popradio.fr<\/u><\/span><\/a><span class=\"color_25\">).<\/span><\/span><\/p>\n<p class=\"font_2\" style=\"text-align: justify;\"><span class=\"color_25\">Tous les droits des auteurs, compositeurs et des \u00e9diteurs de musique des \u0153uvres reproduites et diffus\u00e9es sur ce site sont r\u00e9serv\u00e9s. Toute utilisation desdites \u0153uvres autre que l&rsquo;\u00e9coute ou la consultation \u00e0 titre priv\u00e9 est interdite. Notamment, leur diffusion hors du cercle de la famille est express\u00e9ment interdite.\u00a0\u00a0<\/span><\/p>\n<p class=\"font_2\" style=\"text-align: justify;\"><strong>H\u00e9bergement et solutions techniques :<\/strong><\/p>\n<p class=\"font_2\" style=\"text-align: justify;\">Le site internet de POP RADIO est h\u00e9berg\u00e9 par la soci\u00e9t\u00e9 OVH.<\/p>\n<p class=\"font_2\" style=\"text-align: justify;\">OVH<\/p>\n<p class=\"font_2\" style=\"text-align: justify;\">RCS Roubaix -Tourcoing 424 761 419 00045<\/p>\n<p class=\"font_2\" style=\"text-align: justify;\">2 rue Kellermann<\/p>\n<p class=\"font_2\" style=\"text-align: justify;\">59100 Roubaix (France)<\/p>\n<p class=\"font_2\" style=\"text-align: justify;\">www.ovh.com<\/p>\n<\/div>\n<\/div>\n<p class=\"font_2\" style=\"text-align: justify;\"><strong>Droits d&rsquo;auteurs : <\/strong>POP RADIO est en conformit\u00e9\u00a0pour les droits d&rsquo;auteurs.<\/p>\n<div id=\"SITE_FOOTERinlineContent\" class=\"s2inlineContent\" data-reactid=\".0.$SITE_ROOT.$desktop_siteRoot.$SITE_FOOTER.1.1\">\n<div id=\"comp-inys9cxp\" class=\"s4\" data-reactid=\".0.$SITE_ROOT.$desktop_siteRoot.$SITE_FOOTER.1.1.$comp-inys9cxp\">\n<p class=\"font_2\" style=\"text-align: justify;\"><strong>Directeur de la publication\u00a0: <\/strong>P. JEANGUYOT pour POP RADIO<\/p>\n<\/div>\n<\/div>\n<\/div>\n\n\n<figure class=\"wp-block-table\"><table><tbody><tr><td><img loading=\"lazy\" decoding=\"async\" width=\"150\" height=\"83\" class=\"wp-image-119\" style=\"width: 150px;\" src=\"https:\/\/www.popradio.fr\/wp-content\/uploads\/2016\/06\/Sacem_logo_vertical_CMJN.jpg\" alt=\"\" srcset=\"https:\/\/www.popradio.fr\/wp-content\/uploads\/2016\/06\/Sacem_logo_vertical_CMJN.jpg 1186w, https:\/\/www.popradio.fr\/wp-content\/uploads\/2016\/06\/Sacem_logo_vertical_CMJN-300x167.jpg 300w, https:\/\/www.popradio.fr\/wp-content\/uploads\/2016\/06\/Sacem_logo_vertical_CMJN-1024x570.jpg 1024w\" sizes=\"auto, (max-width: 150px) 100vw, 150px\" \/><img loading=\"lazy\" decoding=\"async\" width=\"150\" height=\"94\" class=\"wp-image-686\" style=\"width: 150px;\" src=\"https:\/\/www.popradio.fr\/wp-content\/uploads\/2021\/04\/logo-spre.jpg\" alt=\"\" srcset=\"https:\/\/www.popradio.fr\/wp-content\/uploads\/2021\/04\/logo-spre.jpg 454w, https:\/\/www.popradio.fr\/wp-content\/uploads\/2021\/04\/logo-spre-300x187.jpg 300w\" sizes=\"auto, (max-width: 150px) 100vw, 150px\" \/><img loading=\"lazy\" decoding=\"async\" width=\"120\" height=\"120\" class=\"wp-image-685\" style=\"width: 120px;\" src=\"https:\/\/www.popradio.fr\/wp-content\/uploads\/2021\/04\/UWF.png\" alt=\"\" srcset=\"https:\/\/www.popradio.fr\/wp-content\/uploads\/2021\/04\/UWF.png 698w, https:\/\/www.popradio.fr\/wp-content\/uploads\/2021\/04\/UWF-300x300.png 300w, https:\/\/www.popradio.fr\/wp-content\/uploads\/2021\/04\/UWF-150x150.png 150w\" sizes=\"auto, (max-width: 120px) 100vw, 120px\" \/><\/td><\/tr><\/tbody><\/table><\/figure>\n\n\n\n<p><\/p>\n","protected":false},"excerpt":{"rendered":"<p>Information : POP RADIO est une marque d\u00e9pos\u00e9e \u00e0 l&rsquo;INPI sous le n\u00b0164249089. L&rsquo;utilisation de la marque (nom et logo) est strictement interdite sans notre autorisation \u00e9crite. Responsabilit\u00e9 sur le contenu : POP RADIO diffuse des contenus autoproduits (hormis la musique) appartenant int\u00e9gralement et uniquement \u00e0 POP RADIO. Toute exploitation, d&rsquo;images, sonores ou divers \u00e9l\u00e9ments [&hellip;]<\/p>\n","protected":false},"author":1,"featured_media":0,"parent":0,"menu_order":0,"comment_status":"closed","ping_status":"closed","template":"","meta":{"footnotes":""},"class_list":["post-20","page","type-page","status-publish","hentry"],"_links":{"self":[{"href":"https:\/\/www.popradio.fr\/index.php?rest_route=\/wp\/v2\/pages\/20","targetHints":{"allow":["GET"]}}],"collection":[{"href":"https:\/\/www.popradio.fr\/index.php?rest_route=\/wp\/v2\/pages"}],"about":[{"href":"https:\/\/www.popradio.fr\/index.php?rest_route=\/wp\/v2\/types\/page"}],"author":[{"embeddable":true,"href":"https:\/\/www.popradio.fr\/index.php?rest_route=\/wp\/v2\/users\/1"}],"replies":[{"embeddable":true,"href":"https:\/\/www.popradio.fr\/index.php?rest_route=%2Fwp%2Fv2%2Fcomments&post=20"}],"version-history":[{"count":12,"href":"https:\/\/www.popradio.fr\/index.php?rest_route=\/wp\/v2\/pages\/20\/revisions"}],"predecessor-version":[{"id":972,"href":"https:\/\/www.popradio.fr\/index.php?rest_route=\/wp\/v2\/pages\/20\/revisions\/972"}],"wp:attachment":[{"href":"https:\/\/www.popradio.fr\/index.php?rest_route=%2Fwp%2Fv2%2Fmedia&parent=20"}],"curies":[{"name":"wp","href":"https:\/\/api.w.org\/{rel}","templated":true}]}}