{"id":130,"date":"2016-07-17T15:59:24","date_gmt":"2016-07-17T14:59:24","guid":{"rendered":"http:\/\/www.popradio.fr\/?page_id=130"},"modified":"2026-01-06T18:57:20","modified_gmt":"2026-01-06T17:57:20","slug":"live","status":"publish","type":"page","link":"https:\/\/www.popradio.fr\/","title":{"rendered":"Nous \u00e9couter"},"content":{"rendered":"\n<p>En direct de Balaruc le Vieux (pr\u00e8s de Montpellier), voyagez avec nous dans l&rsquo;univers de la pop, de l&rsquo;\u00e9lectro pop, &nbsp;du rock et de la soul des ann\u00e9es 70 \u00e0 nos jours. Regardez nos programmes pour&nbsp;conna\u00eetre tous nos rendez-vous. Merci de votre fid\u00e9lit\u00e9.<\/p>\n\n\n\n<p>Pour \u00e9couter POP RADIO, comme vous le souhaitez, cliquer sur les liens ou les logos :<\/p>\n\n\n<div class=\"radio_player\" data-player-type=\"shortcode\" data-data=\"eyJpZCI6NzM4LCJ0aXRsZSI6IlBPUCBSQURJTyIsInN0YXR1cyI6MSwic2tpbiI6InNraW4xIiwicG9wdXBfaWNvbiI6IiIsInBsYXllcl9zdGF0dXMiOjEsInBsYXlsaXN0X2ljb24iOiIiLCJ2b2x1bWVfY29udHJvbCI6MSwid2lkdGgiOjM1MCwiYm9yZGVyX3JhZGl1cyI6MiwiYmdfdHlwZSI6IiIsImJnX2ltYWdlIjoiIiwidGV4dF9jb2xvciI6IiIsInBsYXllcl90ZXh0IjoiIiwic3RhdGlvbnMiOlt7InRpdGxlIjoiUE9QIFJBRElPIiwic3RyZWFtIjoiaHR0cHM6XC9cL3BoaWxpcHBlMzQ3MDAucmFkaW9jYS5zdFwvIDsiLCJ0aHVtYm5haWwiOiJodHRwczpcL1wvd3d3LnBvcHJhZGlvLmZyXC93cC1jb250ZW50XC91cGxvYWRzXC8yMDI1XC8wNlwvY3JvcHBlZC1HZW1pbmlfR2VuZXJhdGVkX0ltYWdlX2ozd3NmcGozd3NmcGozd3MtMS5wbmciLCJzb3VyY2VfdHlwZSI6InN0cmVhbSJ9XSwiY29sb3JfdHlwZSI6IiIsImJnX2NvbG9yIjoiIn0=\"><\/div>\n\n\n\n<p><a href=\"https:\/\/radioenlignefrance.com\/pop-radio\">https:\/\/radioenlignefrance.com\/pop-radio<\/a><\/p>\n\n\n\n<p><a href=\"https:\/\/tunein.com\/radio\/POP-RADIO-s273825\/\">https:\/\/tunein.com\/radio\/POP-RADIO-s273825\/<\/a><\/p>\n\n\n\n<p><a href=\"https:\/\/www.radio.fr\/s\/popradiofr\">https:\/\/www.radio.fr\/s\/popradiofr<\/a><\/p>\n\n\n\n<p><a href=\"https:\/\/radio.garden\/listen\/pop-radio-montpellier\/CtEPE6oH\">https:\/\/radio.garden\/listen\/pop-radio-montpellier\/CtEPE6oH<\/a><\/p>\n\n\n\n<p><a href=\"http:\/\/onlineradiobox.com\/widgets\/#player-fr-popradio\">http:\/\/onlineradiobox.com\/widgets\/#player-fr-popradio<\/a><\/p>\n\n\n\n<p><a href=\"https:\/\/onlineradiobox.com\/fr\/popradio\/?cs=fr.popradio&amp;played=1\">https:\/\/onlineradiobox.com\/fr\/popradio\/?cs=fr.popradio&amp;played=1<\/a><\/p>\n\n\n\n<p><a href=\"https:\/\/www.pickradio.net\/pop-radio\">https:\/\/www.pickradio.net\/pop-radio<\/a><\/p>\n\n\n\n<p><a href=\"http:\/\/appradiofm.com\/player\/Pop-Radio-Paris-Paris-France-x6e2p\">http:\/\/appradiofm.com\/player\/Pop-Radio-Paris-Paris-France-x6e2p<\/a><\/p>\n\n\n\n<p><a href=\"https:\/\/www.webradio.media\/ecouter-POP-RADIO-2940\">https:\/\/www.webradio.media\/ecouter-POP-RADIO-2940<\/a><\/p>\n\n\n\n<p>Retrouvez nous aussi ici, en cliquant sur les liens :<\/p>\n\n\n\n<p class=\"has-text-align-left\"><\/p>\n\n\n\n<figure class=\"wp-block-image\"><a href=\"https:\/\/mytuner-radio.com\/radio\/pop-radio-445648\/\"><img loading=\"lazy\" decoding=\"async\" width=\"300\" height=\"109\" src=\"https:\/\/www.popradio.fr\/wp-content\/uploads\/2017\/05\/Color_500-300x109.png\" alt=\"\" class=\"wp-image-369\" srcset=\"https:\/\/www.popradio.fr\/wp-content\/uploads\/2017\/05\/Color_500-300x109.png 300w, https:\/\/www.popradio.fr\/wp-content\/uploads\/2017\/05\/Color_500.png 500w\" sizes=\"auto, (max-width: 300px) 100vw, 300px\" \/><\/a><\/figure>\n\n\n\n<p class=\"has-text-align-left\"><\/p>\n\n\n\n<figure class=\"wp-block-image\"><img loading=\"lazy\" decoding=\"async\" width=\"240\" height=\"150\" src=\"https:\/\/www.popradio.fr\/wp-content\/uploads\/2017\/06\/Annuaire-de-la-radio.jpg\" alt=\"\" class=\"wp-image-374\"\/><\/figure>\n\n\n\n<p><a href=\"http:\/\/www.annuairedelaradio.com\/AnnuaireRadio\/Web-Pop-Rock.html\">&nbsp;&nbsp;&nbsp;&nbsp;&nbsp;&nbsp; <\/a><\/p>\n\n\n\n<figure class=\"wp-block-image\"><a href=\"http:\/\/webradio-24.com\/internet-radio-guide\/pop-radio\/\"><img loading=\"lazy\" decoding=\"async\" width=\"300\" height=\"37\" src=\"https:\/\/www.popradio.fr\/wp-content\/uploads\/2017\/10\/webradio24ban-300x37.jpg\" alt=\"\" class=\"wp-image-414\" srcset=\"https:\/\/www.popradio.fr\/wp-content\/uploads\/2017\/10\/webradio24ban-300x37.jpg 300w, https:\/\/www.popradio.fr\/wp-content\/uploads\/2017\/10\/webradio24ban.jpg 728w\" sizes=\"auto, (max-width: 300px) 100vw, 300px\" \/><\/a><\/figure>\n\n\n\n<p><\/p>\n\n\n\n<p><\/p>\n","protected":false},"excerpt":{"rendered":"<p>En direct de Balaruc le Vieux (pr\u00e8s de Montpellier), voyagez avec nous dans l&rsquo;univers de la pop, de l&rsquo;\u00e9lectro pop, &nbsp;du rock et de la soul des ann\u00e9es 70 \u00e0 nos jours. Regardez nos programmes pour&nbsp;conna\u00eetre tous nos rendez-vous. Merci de votre fid\u00e9lit\u00e9. Pour \u00e9couter POP RADIO, comme vous le souhaitez, cliquer sur les liens [&hellip;]<\/p>\n","protected":false},"author":1,"featured_media":0,"parent":0,"menu_order":0,"comment_status":"closed","ping_status":"closed","template":"","meta":{"footnotes":""},"class_list":["post-130","page","type-page","status-publish","hentry"],"_links":{"self":[{"href":"https:\/\/www.popradio.fr\/index.php?rest_route=\/wp\/v2\/pages\/130","targetHints":{"allow":["GET"]}}],"collection":[{"href":"https:\/\/www.popradio.fr\/index.php?rest_route=\/wp\/v2\/pages"}],"about":[{"href":"https:\/\/www.popradio.fr\/index.php?rest_route=\/wp\/v2\/types\/page"}],"author":[{"embeddable":true,"href":"https:\/\/www.popradio.fr\/index.php?rest_route=\/wp\/v2\/users\/1"}],"replies":[{"embeddable":true,"href":"https:\/\/www.popradio.fr\/index.php?rest_route=%2Fwp%2Fv2%2Fcomments&post=130"}],"version-history":[{"count":74,"href":"https:\/\/www.popradio.fr\/index.php?rest_route=\/wp\/v2\/pages\/130\/revisions"}],"predecessor-version":[{"id":1055,"href":"https:\/\/www.popradio.fr\/index.php?rest_route=\/wp\/v2\/pages\/130\/revisions\/1055"}],"wp:attachment":[{"href":"https:\/\/www.popradio.fr\/index.php?rest_route=%2Fwp%2Fv2%2Fmedia&parent=130"}],"curies":[{"name":"wp","href":"https:\/\/api.w.org\/{rel}","templated":true}]}}